{"id":116,"date":"2023-02-27T09:21:13","date_gmt":"2023-02-27T09:21:13","guid":{"rendered":"https:\/\/roteirosarqueologicosdoalentejo.uevora.pt\/services-inner\/"},"modified":"2023-11-07T19:39:49","modified_gmt":"2023-11-07T19:39:49","slug":"beja","status":"publish","type":"page","link":"https:\/\/roteirosarqueologicosdoalentejo.uevora.pt\/fr\/municipios\/beja\/","title":{"rendered":"Beja"},"content":{"rendered":"<div data-elementor-type=\"wp-page\" data-elementor-id=\"116\" class=\"elementor elementor-116\" data-elementor-post-type=\"page\">\n\t\t\t\t\t\t<div class=\"elementor-section elementor-top-section elementor-element elementor-element-370bf8e change elementor-reverse-tablet elementor-reverse-mobile elementor-section-boxed elementor-section-height-default elementor-section-height-default\" data-id=\"370bf8e\" data-element_type=\"section\" data-e-type=\"section\" data-settings=\"{&quot;background_background&quot;:&quot;classic&quot;}\">\n\t\t\t\t\t\t<div class=\"elementor-container elementor-column-gap-default\">\n\t\t\t\t\t<div class=\"elementor-column elementor-col-50 elementor-top-column elementor-element elementor-element-d653bbc\" data-id=\"d653bbc\" data-element_type=\"column\" data-e-type=\"column\" data-settings=\"{&quot;background_background&quot;:&quot;classic&quot;}\">\n\t\t\t<div class=\"elementor-widget-wrap elementor-element-populated\">\n\t\t\t\t\t\t<div class=\"elementor-element elementor-element-43af2fb elementor-widget elementor-widget-shortcode\" data-id=\"43af2fb\" data-element_type=\"widget\" data-e-type=\"widget\" data-widget_type=\"shortcode.default\">\n\t\t\t\t<div class=\"elementor-widget-container\">\n\t\t\t\t\t\t\t<div class=\"elementor-shortcode\"><div class=\"wpgmp_map_container wpgmp-map-11\" rel=\"map11\" data-plugin-version=\"5.5.7\"><div class=\"wpgmp_map_parent\"><div class=\"wpgmp_map\" style=\"width:100%; height:790px;\" id=\"map11\" ><\/div><\/div><\/div><style> .wpgmp-map-11  .wpgmp_infowindow .fc-item-title{background-image:none;font-family:Montserrat, sans-serif;font-weight:700;font-size:16px;color:rgb(68, 68, 68);line-height:21.4286px;background-color:rgba(0, 0, 0, 0);font-style:normal;text-align:start;text-decoration:none solid rgb(68, 68, 68);margin-top:0px;margin-bottom:5px;margin-left:0px;margin-right:0px;padding-top:0px;padding-bottom:0px;padding-left:0px;padding-right:0px;} .wpgmp-map-11  .wpgmp_infowindow.wpgmp_infowindow_post .fc-item-title{background-image:none;font-family:Montserrat, sans-serif;font-weight:600;font-size:18px;color:rgb(33, 47, 61);line-height:21.4286px;background-color:rgba(0, 0, 0, 0);font-style:normal;text-align:start;text-decoration:none solid rgb(33, 47, 61);margin-top:0px;margin-bottom:5px;margin-left:0px;margin-right:0px;padding-top:0px;padding-bottom:0px;padding-left:0px;padding-right:0px;} .wpgmp-map-11 .wpgmp_locations{background-image:none;font-family:Montserrat, sans-serif;font-weight:400;font-size:15px;color:rgba(0, 0, 0, 0.87);line-height:21.4286px;background-color:rgba(0, 0, 0, 0);font-style:normal;text-align:start;text-decoration:none solid rgba(0, 0, 0, 0.87);margin-top:0px;margin-bottom:0px;margin-left:0px;margin-right:0px;padding-top:0px;padding-bottom:0px;padding-left:0px;padding-right:0px;} .wpgmp-map-11 .wpgmp_locations_head{background-image:none;font-family:Montserrat, sans-serif;font-weight:400;font-size:15px;color:rgba(0, 0, 0, 0.87);line-height:21.4286px;background-color:rgba(0, 0, 0, 0);font-style:normal;text-align:start;text-decoration:none solid rgba(0, 0, 0, 0.87);margin-top:0px;margin-bottom:0px;margin-left:0px;margin-right:0px;padding-top:0px;padding-bottom:0px;padding-left:0px;padding-right:0px;} .wpgmp-map-11 .place_title{background-image:none;font-family:Montserrat, sans-serif;font-weight:400;font-size:15px;color:rgb(34, 113, 177);line-height:21.4286px;background-color:rgba(0, 0, 0, 0);font-style:normal;text-align:start;text-decoration:underline solid rgb(34, 113, 177);margin-top:0px;margin-bottom:0px;margin-left:0px;margin-right:0px;padding-top:0px;padding-bottom:0px;padding-left:0px;padding-right:0px;} .wpgmp-map-11 .wpgmp_location_meta{background-image:none;font-family:Montserrat, sans-serif;font-weight:400;font-size:15px;color:rgba(0, 0, 0, 0.87);line-height:21.4286px;background-color:rgba(0, 0, 0, 0);font-style:normal;text-align:start;text-decoration:none solid rgba(0, 0, 0, 0.87);margin-top:0px;margin-bottom:0px;margin-left:0px;margin-right:0px;padding-top:0px;padding-bottom:0px;padding-left:0px;padding-right:0px;} .wpgmp-map-11 .wpgmp_locations_content{background-image:none;font-family:Montserrat, sans-serif;font-weight:400;font-size:15px;color:rgba(0, 0, 0, 0.87);line-height:21.4286px;background-color:rgba(0, 0, 0, 0);font-style:normal;text-align:start;text-decoration:none solid rgba(0, 0, 0, 0.87);margin-top:0px;margin-bottom:0px;margin-left:0px;margin-right:0px;padding-top:0px;padding-bottom:0px;padding-left:0px;padding-right:0px;}<\/style><script>jQuery(document).ready(function($) {var map11 = $(\"#map11\").maps({\"map_options\":{\"center_lat\":\"38.01728809999999\",\"center_lng\":\"-7.865204599999999\",\"zoom\":18,\"map_type_id\":\"SATELLITE\",\"center_by_nearest\":false,\"fit_bounds\":true,\"center_circle_fillcolor\":\"#8CAEF2\",\"center_circle_fillopacity\":\".5\",\"center_circle_strokecolor\":\"#8CAEF2\",\"center_circle_strokeopacity\":\".5\",\"show_center_circle\":false,\"show_center_marker\":false,\"center_marker_icon\":\"https:\/\/roteirosarqueologicosdoalentejo.uevora.pt\/wp-content\/plugins\/wp-google-map-gold\/assets\/images\/\/default_marker.png\",\"draggable\":true,\"scroll_wheel\":\"false\",\"gesture\":\"auto\",\"marker_default_icon\":\"https:\/\/roteirosarqueologicosdoalentejo.uevora.pt\/wp-content\/plugins\/wp-google-map-gold\/assets\/images\/\/default_marker.png\",\"infowindow_setting\":\"<div class=\\\"fc-main\\\">\\n<div class=\\\"fc-item-title\\\">{marker_title} <span class=\\\"fc-badge info\\\">{marker_category}<\/span><\/div>\\n<div class=\\\"fc-item-featured_image\\\">{marker_image} <\/div>\\n<p>{marker_message}<\/p>\\n<address><b>Address : <\/b>{marker_address}<\/address>\\n<\/div>\\n\",\"infowindow_geotags_setting\":\"<div class=\\\"fc-main\\\"><div class=\\\"fc-item-title\\\">{post_title} <span class=\\\"fc-badge info\\\">{post_categories}<\/span><\/div> <div class=\\\"fc-item-featured_image\\\">{post_featured_image} <\/div>{post_excerpt}<address><b>Address : <\/b>{marker_address}<\/address><a target=\\\"_blank\\\"  class=\\\"fc-btn fc-btn-small fc-btn-red\\\" href=\\\"{post_link}\\\">Read More...<\/a><\/div>\",\"infowindow_skin\":{\"name\":\"default\",\"type\":\"infowindow\",\"sourcecode\":\"&lt;div class=&quot;fc-main&quot;&gt;&lt;div class=&quot;fc-item-title&quot;&gt;{marker_title} &lt;span class=&quot;fc-badge info&quot;&gt;{marker_category}&lt;\/span&gt;&lt;\/div&gt; &lt;div class=&quot;fc-item-featured_image&quot;&gt;{marker_image} &lt;\/div&gt;{marker_message}&lt;address&gt;&lt;b&gt;Address : &lt;\/b&gt;{marker_address}&lt;\/address&gt;&lt;\/div&gt;\"},\"infowindow_post_skin\":{\"name\":\"default\",\"type\":\"post\",\"sourcecode\":\"&lt;div class=&quot;fc-main&quot;&gt;&lt;div class=&quot;fc-item-title&quot;&gt;{post_title} &lt;span class=&quot;fc-badge info&quot;&gt;{post_categories}&lt;\/span&gt;&lt;\/div&gt; &lt;div class=&quot;fc-item-featured_image&quot;&gt;{post_featured_image} &lt;\/div&gt;{post_excerpt}&lt;address&gt;&lt;b&gt;Address : &lt;\/b&gt;{marker_address}&lt;\/address&gt;&lt;a target=&quot;_blank&quot;  class=&quot;fc-btn fc-btn-small fc-btn-red&quot; href=&quot;{post_link}&quot;&gt;Read More...&lt;\/a&gt;&lt;\/div&gt;\"},\"infowindow_drop_animation\":false,\"close_infowindow_on_map_click\":false,\"default_infowindow_open\":false,\"infowindow_open_event\":\"click\",\"infowindow_filter_only\":false,\"infowindow_click_change_zoom\":0,\"infowindow_click_change_center\":false,\"full_screen_control\":false,\"search_control\":true,\"zoom_control\":false,\"map_type_control\":false,\"street_view_control\":false,\"locateme_control\":false,\"mobile_specific\":false,\"zoom_mobile\":5,\"draggable_mobile\":true,\"scroll_wheel_mobile\":true,\"full_screen_control_position\":\"TOP_RIGHT\",\"search_control_position\":\"TOP_LEFT\",\"locateme_control_position\":\"TOP_LEFT\",\"zoom_control_position\":\"TOP_LEFT\",\"map_type_control_position\":\"TOP_RIGHT\",\"map_type_control_style\":\"HORIZONTAL_BAR\",\"street_view_control_position\":\"TOP_LEFT\",\"map_control\":false,\"screens\":{\"smartphones\":{\"map_height_mobile\":\"250\",\"map_zoom_level_mobile\":\"18\"},\"ipads\":{\"map_zoom_level_mobile\":\"18\"},\"large-screens\":{\"map_zoom_level_mobile\":\"18\"}},\"map_infowindow_customisations\":false,\"infowindow_width\":\"100%\",\"infowindow_border_color\":\"rgba(0, 0, 0, 0.0980392)\",\"infowindow_bg_color\":\"#fff\",\"show_infowindow_header\":false,\"min_zoom\":\"0\",\"max_zoom\":\"19\",\"zoom_level_after_search\":\"18\",\"url_filters\":false,\"doubleclickzoom\":true,\"current_post_only\":false,\"bound_map_after_filter\":false,\"display_reset_button\":false,\"map_reset_button_text\":\"Reset\",\"height\":\"790\"},\"places\":[{\"id\":\"57\",\"title\":\"Posto de Turismo de Beja\",\"address\":\"Posto de Turismo de Beja, Largo Doutor Lima Faleiro, Beja, Portugal\",\"source\":\"manual\",\"location\":{\"icon\":\"https:\/\/roteirosarqueologicosdoalentejo.uevora.pt\/wp-content\/uploads\/2023\/06\/noun-couple-198242.png\",\"lat\":\"38.01728809999999\",\"lng\":\"-7.865204599999999\",\"city\":\"Santiago Maior\",\"state\":\"Beja\",\"country\":\"Portugal\",\"onclick_action\":\"marker\",\"open_new_tab\":\"yes\",\"postal_code\":\"7800-266\",\"draggable\":false,\"infowindow_default_open\":false,\"infowindow_disable\":false,\"zoom\":5,\"extra_fields\":{\"listorder\":0}},\"categories\":[{\"id\":\"17\",\"name\":\"posto-info\",\"type\":\"category\",\"icon\":\"https:\/\/roteirosarqueologicosdoalentejo.uevora.pt\/wp-content\/uploads\/2023\/06\/noun-couple-198242.png\"}]},{\"id\":\"58\",\"title\":\"Villa Romana de Pis\\u00f5es\",\"address\":\"Villa Romana de Pis\\u00f5es, Beja, Portugal\",\"source\":\"manual\",\"location\":{\"icon\":\"https:\/\/roteirosarqueologicosdoalentejo.uevora.pt\/wp-content\/uploads\/2023\/06\/marker-onee.png\",\"lat\":\"37.9975984\",\"lng\":\"-7.9492726\",\"city\":\"Beja\",\"state\":\"Beja District\",\"country\":\"Portugal\",\"onclick_action\":\"custom_link\",\"redirect_custom_link\":\"\/villa-romana-de-pisoes\/\",\"open_new_tab\":\"no\",\"postal_code\":\"7800\",\"draggable\":false,\"infowindow_default_open\":false,\"infowindow_disable\":true,\"zoom\":5,\"extra_fields\":{\"listorder\":0}},\"categories\":[{\"id\":\"2\",\"name\":\"default-marker-1\",\"type\":\"category\",\"icon\":\"https:\/\/roteirosarqueologicosdoalentejo.uevora.pt\/wp-content\/uploads\/2023\/06\/marker-onee.png\"}]}],\"map_property\":{\"map_id\":\"11\",\"debug_mode\":true},\"map_marker_spiderfier_setting\":{\"minimum_markers\":\"0\"},\"shapes\":{\"drawing_editable\":false},\"filters\":{\"filters_container\":\"[data-container=\\\"wpgmp-filters-container\\\"]\"},\"marker_category_icons\":{\"1\":\"https:\/\/roteirosarqueologicosdoalentejo.uevora.pt\/wp-content\/uploads\/2023\/06\/icon-mapa-inicio-1-1.png\",\"2\":\"https:\/\/roteirosarqueologicosdoalentejo.uevora.pt\/wp-content\/uploads\/2023\/06\/marker-onee.png\",\"3\":\"https:\/\/roteirosarqueologicosdoalentejo.uevora.pt\/wp-content\/uploads\/2023\/06\/marker-2.png\",\"4\":\"https:\/\/roteirosarqueologicosdoalentejo.uevora.pt\/wp-content\/uploads\/2023\/06\/marker-3.png\",\"5\":\"https:\/\/roteirosarqueologicosdoalentejo.uevora.pt\/wp-content\/uploads\/2023\/06\/marker-4.png\",\"6\":\"https:\/\/roteirosarqueologicosdoalentejo.uevora.pt\/wp-content\/uploads\/2023\/06\/marker-5.png\",\"7\":\"https:\/\/roteirosarqueologicosdoalentejo.uevora.pt\/wp-content\/uploads\/2023\/06\/marker-6.png\",\"8\":\"https:\/\/roteirosarqueologicosdoalentejo.uevora.pt\/wp-content\/uploads\/2023\/06\/marker-7.png\",\"9\":\"https:\/\/roteirosarqueologicosdoalentejo.uevora.pt\/wp-content\/uploads\/2023\/06\/marker-8.png\",\"10\":\"https:\/\/roteirosarqueologicosdoalentejo.uevora.pt\/wp-content\/uploads\/2023\/06\/marker-9.png\",\"11\":\"https:\/\/roteirosarqueologicosdoalentejo.uevora.pt\/wp-content\/uploads\/2023\/06\/marker-10.png\",\"12\":\"https:\/\/roteirosarqueologicosdoalentejo.uevora.pt\/wp-content\/uploads\/2023\/06\/marker-11.png\",\"13\":\"https:\/\/roteirosarqueologicosdoalentejo.uevora.pt\/wp-content\/uploads\/2023\/06\/marker-12.png\",\"14\":\"https:\/\/roteirosarqueologicosdoalentejo.uevora.pt\/wp-content\/uploads\/2023\/06\/marker-13.png\",\"15\":\"https:\/\/roteirosarqueologicosdoalentejo.uevora.pt\/wp-content\/uploads\/2023\/06\/marker-14.png\",\"16\":\"https:\/\/roteirosarqueologicosdoalentejo.uevora.pt\/wp-content\/uploads\/2023\/06\/marker-15.png\",\"17\":\"https:\/\/roteirosarqueologicosdoalentejo.uevora.pt\/wp-content\/uploads\/2023\/06\/noun-couple-198242.png\"}}).data(\"wpgmp_maps\");});<\/script><\/div>\n\t\t\t\t\t\t<\/div>\n\t\t\t\t<\/div>\n\t\t\t\t\t<\/div>\n\t\t<\/div>\n\t\t\t\t<div class=\"elementor-column elementor-col-50 elementor-top-column elementor-element elementor-element-01834fd\" data-id=\"01834fd\" data-element_type=\"column\" data-e-type=\"column\">\n\t\t\t<div class=\"elementor-widget-wrap elementor-element-populated\">\n\t\t\t\t\t\t<div class=\"elementor-element elementor-element-27ec6b0 elementor-widget-tablet__width-initial elementor-widget-mobile__width-inherit elementor-widget elementor-widget-heading\" data-id=\"27ec6b0\" data-element_type=\"widget\" data-e-type=\"widget\" data-widget_type=\"heading.default\">\n\t\t\t\t<div class=\"elementor-widget-container\">\n\t\t\t\t\t<h1 class=\"elementor-heading-title elementor-size-default\">Beja<\/h1>\t\t\t\t<\/div>\n\t\t\t\t<\/div>\n\t\t\t\t<div class=\"elementor-element elementor-element-35a22d4 elementor-widget__width-initial elementor-widget-mobile__width-inherit elementor-widget elementor-widget-text-editor\" data-id=\"35a22d4\" data-element_type=\"widget\" data-e-type=\"widget\" data-widget_type=\"text-editor.default\">\n\t\t\t\t<div class=\"elementor-widget-container\">\n\t\t\t\t\t\t\t\t\t<p><span style=\"font-weight: 400;\">Beja, situ\u00e9e au c\u0153ur du Bas Alentejo, \u00e9tait toujours la capitale r\u00e9gionale et le centre politique, \u00e9conomique et religieux d\u2019un vaste territoire ayant de riches fermes agricoles (telles que Pis\u00f5es) et de villages de paysans \u00e9leveurs de b\u00e9tail.<\/span><\/p>\t\t\t\t\t\t\t\t<\/div>\n\t\t\t\t<\/div>\n\t\t\t\t<div class=\"elementor-element elementor-element-a0f15dd bdt-content-position--left elementor-widget elementor-widget-bdt-fancy-list\" data-id=\"a0f15dd\" data-element_type=\"widget\" data-e-type=\"widget\" data-widget_type=\"bdt-fancy-list.default\">\n\t\t\t\t<div class=\"elementor-widget-container\">\n\t\t\t\t\t        <div class=\"bdt-fancy-list\">\n            <ul class=\"bdt-list bdt-fancy-list-group\">\n                                    <li>\n                        <a class=\"bdt-fancy-list-wrap\" href=\"\/fr\/villa-romana-de-pisoes\/\">                        <div class=\"bdt-flex flex-wrap\">\n                            <div class=\"bdt-fancy-list-number-icon\"><span>                                1                            <\/span><\/div>                                                        <div class=\"bdt-fancy-list-content\">\n                                <h4 class=\"bdt-fancy-list-title translation-block\"><i>Villa<\/i> Romaine de Pis\u00f5es<\/h4>\n                                <p class=\"bdt-fancy-list-text\"> <\/p>\n                            <\/div>\n                                                    <\/div>\n                                                    <\/a>\n                            <\/li>\n<\/ul>\n<\/div>\n\t\t\t\t<\/div>\n\t\t\t\t<\/div>\n\t\t\t\t\t<\/div>\n\t\t<\/div>\n\t\t\t\t\t<\/div>\n\t\t<\/div>\n\t\t\t\t<section class=\"elementor-section elementor-top-section elementor-element elementor-element-785c2ed elementor-section-boxed elementor-section-height-default elementor-section-height-default\" data-id=\"785c2ed\" data-element_type=\"section\" data-e-type=\"section\">\n\t\t\t\t\t\t<div class=\"elementor-container elementor-column-gap-wide\">\n\t\t\t\t\t<div class=\"elementor-column elementor-col-33 elementor-top-column elementor-element elementor-element-7d9c2f4\" data-id=\"7d9c2f4\" data-element_type=\"column\" data-e-type=\"column\">\n\t\t\t<div class=\"elementor-widget-wrap elementor-element-populated\">\n\t\t\t\t\t\t<div class=\"elementor-element elementor-element-b118d4d elementor-widget elementor-widget-heading\" data-id=\"b118d4d\" data-element_type=\"widget\" data-e-type=\"widget\" data-widget_type=\"heading.default\">\n\t\t\t\t<div class=\"elementor-widget-container\">\n\t\t\t\t\t<h6 class=\"elementor-heading-title elementor-size-default\">Appui<\/h6>\t\t\t\t<\/div>\n\t\t\t\t<\/div>\n\t\t\t\t<div data-ep-wrapper-link=\"{&quot;url&quot;:&quot;https:\\\/\\\/cm-beja.pt\\\/&quot;,&quot;is_external&quot;:&quot;on&quot;,&quot;nofollow&quot;:&quot;&quot;,&quot;custom_attributes&quot;:&quot;&quot;}\" style=\"cursor: pointer\" class=\"bdt-element-link elementor-element elementor-element-80be009 elementor-widget elementor-widget-image\" data-id=\"80be009\" data-element_type=\"widget\" data-e-type=\"widget\" data-widget_type=\"image.default\">\n\t\t\t\t<div class=\"elementor-widget-container\">\n\t\t\t\t\t\t\t\t\t\t\t\t\t\t\t<img decoding=\"async\" width=\"150\" height=\"150\" src=\"https:\/\/roteirosarqueologicosdoalentejo.uevora.pt\/wp-content\/uploads\/2023\/02\/beja-logo-01.svg\" class=\"attachment-thumbnail size-thumbnail wp-image-897\" alt=\"\" srcset=\"https:\/\/roteirosarqueologicosdoalentejo.uevora.pt\/wp-content\/uploads\/\/2023\/02\/beja-logo-01.svg 150w, https:\/\/roteirosarqueologicosdoalentejo.uevora.pt\/wp-content\/uploads\/\/2023\/02\/beja-logo-01.svg 300w, https:\/\/roteirosarqueologicosdoalentejo.uevora.pt\/wp-content\/uploads\/\/2023\/02\/beja-logo-01.svg 1024w\" sizes=\"(max-width: 150px) 100vw, 150px\" \/>\t\t\t\t\t\t\t\t\t\t\t\t\t\t\t<\/div>\n\t\t\t\t<\/div>\n\t\t\t\t\t<\/div>\n\t\t<\/div>\n\t\t\t\t<div class=\"elementor-column elementor-col-33 elementor-top-column elementor-element elementor-element-a04e891\" data-id=\"a04e891\" data-element_type=\"column\" data-e-type=\"column\">\n\t\t\t<div class=\"elementor-widget-wrap elementor-element-populated\">\n\t\t\t\t\t\t<div class=\"elementor-element elementor-element-908ed1c elementor-widget elementor-widget-heading\" data-id=\"908ed1c\" data-element_type=\"widget\" data-e-type=\"widget\" data-widget_type=\"heading.default\">\n\t\t\t\t<div class=\"elementor-widget-container\">\n\t\t\t\t\t<h6 class=\"elementor-heading-title elementor-size-default\">Bureau de Tourisme<\/h6>\t\t\t\t<\/div>\n\t\t\t\t<\/div>\n\t\t\t\t<div class=\"elementor-element elementor-element-066d93e elementor-widget elementor-widget-text-editor\" data-id=\"066d93e\" data-element_type=\"widget\" data-e-type=\"widget\" data-widget_type=\"text-editor.default\">\n\t\t\t\t<div class=\"elementor-widget-container\">\n\t\t\t\t\t\t\t\t\t<p><span style=\"font-weight: 400;\">Largo Dr. Lima Faleiro<br \/><\/span><span style=\"font-weight: 400;\">7800-266 BEJA<br \/><\/span><span style=\"font-weight: 400;\">Tel. +351 284 311 913\u00a0<br \/><\/span><span style=\"font-weight: 400;\">E. <\/span><a style=\"color: #277768;\" href=\"mailto:turismo@cm-beja.pt\"><span style=\"font-weight: 400;\">turismo@cm-beja.pt<\/span><\/a><\/p>\t\t\t\t\t\t\t\t<\/div>\n\t\t\t\t<\/div>\n\t\t\t\t\t<\/div>\n\t\t<\/div>\n\t\t\t\t<div class=\"elementor-column elementor-col-33 elementor-top-column elementor-element elementor-element-be25a11\" data-id=\"be25a11\" data-element_type=\"column\" data-e-type=\"column\">\n\t\t\t<div class=\"elementor-widget-wrap\">\n\t\t\t\t\t\t\t<\/div>\n\t\t<\/div>\n\t\t\t\t\t<\/div>\n\t\t<\/section>\n\t\t\t\t<section class=\"elementor-section elementor-top-section elementor-element elementor-element-5db3d39 elementor-section-boxed elementor-section-height-default elementor-section-height-default\" data-id=\"5db3d39\" data-element_type=\"section\" data-e-type=\"section\">\n\t\t\t\t\t\t<div class=\"elementor-container elementor-column-gap-default\">\n\t\t\t\t\t<div class=\"elementor-column elementor-col-100 elementor-top-column elementor-element elementor-element-7684a72\" data-id=\"7684a72\" data-element_type=\"column\" data-e-type=\"column\">\n\t\t\t<div class=\"elementor-widget-wrap elementor-element-populated\">\n\t\t\t\t\t\t<div class=\"elementor-element elementor-element-32bb7f9 elementor-widget elementor-widget-html\" data-id=\"32bb7f9\" data-element_type=\"widget\" data-e-type=\"widget\" data-widget_type=\"html.default\">\n\t\t\t\t<div class=\"elementor-widget-container\">\n\t\t\t\t\t<script type=\"text\/javascript\">\njQuery(document).ready(function() {\n  var previousPageExists = (window.history.length > 1);\n  var backButton = jQuery('#btn-back');\n\n  if (!previousPageExists) {\n    backButton.css('filter', 'blur(2px)');\n    backButton.css('pointer-events', 'none');\n  }\n\n  backButton.on('click', function() {\n    if (previousPageExists) {\n      window.history.go(-1);\n    }\n    return false;\n  });\n});\n<\/script>\t\t\t\t<\/div>\n\t\t\t\t<\/div>\n\t\t\t\t\t<\/div>\n\t\t<\/div>\n\t\t\t\t\t<\/div>\n\t\t<\/section>\n\t\t\t\t<\/div>","protected":false},"excerpt":{"rendered":"<p>Beja No cora\u00e7\u00e3o do Baixo Alentejo, Beja sempre foi capital regional e centro pol\u00edtico, econ\u00f3mico e religioso de um vasto territ\u00f3rio de [&hellip;]<\/p>","protected":false},"author":1,"featured_media":0,"parent":119,"menu_order":0,"comment_status":"closed","ping_status":"closed","template":"","meta":{"_acf_changed":false,"footnotes":""},"class_list":["post-116","page","type-page","status-publish","hentry"],"aioseo_notices":[],"acf":[],"_links":{"self":[{"href":"https:\/\/roteirosarqueologicosdoalentejo.uevora.pt\/fr\/wp-json\/wp\/v2\/pages\/116","targetHints":{"allow":["GET"]}}],"collection":[{"href":"https:\/\/roteirosarqueologicosdoalentejo.uevora.pt\/fr\/wp-json\/wp\/v2\/pages"}],"about":[{"href":"https:\/\/roteirosarqueologicosdoalentejo.uevora.pt\/fr\/wp-json\/wp\/v2\/types\/page"}],"author":[{"embeddable":true,"href":"https:\/\/roteirosarqueologicosdoalentejo.uevora.pt\/fr\/wp-json\/wp\/v2\/users\/1"}],"replies":[{"embeddable":true,"href":"https:\/\/roteirosarqueologicosdoalentejo.uevora.pt\/fr\/wp-json\/wp\/v2\/comments?post=116"}],"version-history":[{"count":0,"href":"https:\/\/roteirosarqueologicosdoalentejo.uevora.pt\/fr\/wp-json\/wp\/v2\/pages\/116\/revisions"}],"up":[{"embeddable":true,"href":"https:\/\/roteirosarqueologicosdoalentejo.uevora.pt\/fr\/wp-json\/wp\/v2\/pages\/119"}],"wp:attachment":[{"href":"https:\/\/roteirosarqueologicosdoalentejo.uevora.pt\/fr\/wp-json\/wp\/v2\/media?parent=116"}],"curies":[{"name":"wp","href":"https:\/\/api.w.org\/{rel}","templated":true}]}}