{"id":429,"date":"2023-06-12T03:18:58","date_gmt":"2023-06-12T03:18:58","guid":{"rendered":"https:\/\/roteirosarqueologicosdoalentejo.uevora.pt\/?page_id=429"},"modified":"2023-11-10T17:59:37","modified_gmt":"2023-11-10T17:59:37","slug":"vidigueira","status":"publish","type":"page","link":"https:\/\/roteirosarqueologicosdoalentejo.uevora.pt\/en\/municipios\/vidigueira\/","title":{"rendered":"Vidigueira"},"content":{"rendered":"<div data-elementor-type=\"wp-page\" data-elementor-id=\"429\" class=\"elementor elementor-429\" data-elementor-post-type=\"page\">\n\t\t\t\t\t\t<div class=\"elementor-section elementor-top-section elementor-element elementor-element-370bf8e elementor-reverse-tablet elementor-reverse-mobile elementor-section-boxed elementor-section-height-default elementor-section-height-default\" data-id=\"370bf8e\" data-element_type=\"section\" data-e-type=\"section\" data-settings=\"{&quot;background_background&quot;:&quot;classic&quot;}\">\n\t\t\t\t\t\t<div class=\"elementor-container elementor-column-gap-default\">\n\t\t\t\t\t<div class=\"elementor-column elementor-col-50 elementor-top-column elementor-element elementor-element-d653bbc\" data-id=\"d653bbc\" data-element_type=\"column\" data-e-type=\"column\">\n\t\t\t<div class=\"elementor-widget-wrap elementor-element-populated\">\n\t\t\t\t\t\t<section class=\"elementor-section elementor-inner-section elementor-element elementor-element-56451af elementor-section-boxed elementor-section-height-default elementor-section-height-default\" data-id=\"56451af\" data-element_type=\"section\" data-e-type=\"section\">\n\t\t\t\t\t\t<div class=\"elementor-container elementor-column-gap-default\">\n\t\t\t\t\t<div class=\"elementor-column elementor-col-100 elementor-inner-column elementor-element elementor-element-acdc9e6\" data-id=\"acdc9e6\" data-element_type=\"column\" data-e-type=\"column\">\n\t\t\t<div class=\"elementor-widget-wrap elementor-element-populated\">\n\t\t\t\t\t\t<div class=\"elementor-element elementor-element-43af2fb elementor-widget elementor-widget-shortcode\" data-id=\"43af2fb\" data-element_type=\"widget\" data-e-type=\"widget\" data-widget_type=\"shortcode.default\">\n\t\t\t\t<div class=\"elementor-widget-container\">\n\t\t\t\t\t\t\t<div class=\"elementor-shortcode\"><div class=\"wpgmp_map_container wpgmp-map-10\" rel=\"map10\" data-plugin-version=\"5.5.7\"><div class=\"wpgmp_map_parent\"><div class=\"wpgmp_map\" style=\"width:100%; height:790px;\" id=\"map10\" ><\/div><\/div><\/div><style> .wpgmp-map-10  .wpgmp_infowindow .fc-item-title{background-image:none;font-family:Montserrat, sans-serif;font-weight:700;font-size:16px;color:rgb(68, 68, 68);line-height:21.4286px;background-color:rgba(0, 0, 0, 0);font-style:normal;text-align:start;text-decoration:none solid rgb(68, 68, 68);margin-top:0px;margin-bottom:5px;margin-left:0px;margin-right:0px;padding-top:0px;padding-bottom:0px;padding-left:0px;padding-right:0px;} .wpgmp-map-10  .wpgmp_infowindow.wpgmp_infowindow_post .fc-item-title{background-image:none;font-family:Montserrat, sans-serif;font-weight:600;font-size:18px;color:rgb(33, 47, 61);line-height:21.4286px;background-color:rgba(0, 0, 0, 0);font-style:normal;text-align:start;text-decoration:none solid rgb(33, 47, 61);margin-top:0px;margin-bottom:5px;margin-left:0px;margin-right:0px;padding-top:0px;padding-bottom:0px;padding-left:0px;padding-right:0px;} .wpgmp-map-10 .wpgmp_locations{background-image:none;font-family:Montserrat, sans-serif;font-weight:400;font-size:15px;color:rgba(0, 0, 0, 0.87);line-height:21.4286px;background-color:rgba(0, 0, 0, 0);font-style:normal;text-align:start;text-decoration:none solid rgba(0, 0, 0, 0.87);margin-top:0px;margin-bottom:0px;margin-left:0px;margin-right:0px;padding-top:0px;padding-bottom:0px;padding-left:0px;padding-right:0px;} .wpgmp-map-10 .wpgmp_locations_head{background-image:none;font-family:Montserrat, sans-serif;font-weight:400;font-size:15px;color:rgba(0, 0, 0, 0.87);line-height:21.4286px;background-color:rgba(0, 0, 0, 0);font-style:normal;text-align:start;text-decoration:none solid rgba(0, 0, 0, 0.87);margin-top:0px;margin-bottom:0px;margin-left:0px;margin-right:0px;padding-top:0px;padding-bottom:0px;padding-left:0px;padding-right:0px;} .wpgmp-map-10 .place_title{background-image:none;font-family:Montserrat, sans-serif;font-weight:400;font-size:15px;color:rgb(34, 113, 177);line-height:21.4286px;background-color:rgba(0, 0, 0, 0);font-style:normal;text-align:start;text-decoration:underline solid rgb(34, 113, 177);margin-top:0px;margin-bottom:0px;margin-left:0px;margin-right:0px;padding-top:0px;padding-bottom:0px;padding-left:0px;padding-right:0px;} .wpgmp-map-10 .wpgmp_location_meta{background-image:none;font-family:Montserrat, sans-serif;font-weight:400;font-size:15px;color:rgba(0, 0, 0, 0.87);line-height:21.4286px;background-color:rgba(0, 0, 0, 0);font-style:normal;text-align:start;text-decoration:none solid rgba(0, 0, 0, 0.87);margin-top:0px;margin-bottom:0px;margin-left:0px;margin-right:0px;padding-top:0px;padding-bottom:0px;padding-left:0px;padding-right:0px;} .wpgmp-map-10 .wpgmp_locations_content{background-image:none;font-family:Montserrat, sans-serif;font-weight:400;font-size:15px;color:rgba(0, 0, 0, 0.87);line-height:21.4286px;background-color:rgba(0, 0, 0, 0);font-style:normal;text-align:start;text-decoration:none solid rgba(0, 0, 0, 0.87);margin-top:0px;margin-bottom:0px;margin-left:0px;margin-right:0px;padding-top:0px;padding-bottom:0px;padding-left:0px;padding-right:0px;}<\/style><script>jQuery(document).ready(function($) {var map10 = $(\"#map10\").maps({\"map_options\":{\"center_lat\":\"38.209095\",\"center_lng\":\"-7.814658\",\"zoom\":18,\"map_type_id\":\"SATELLITE\",\"center_by_nearest\":false,\"fit_bounds\":true,\"center_circle_fillcolor\":\"#8CAEF2\",\"center_circle_fillopacity\":\".5\",\"center_circle_strokecolor\":\"#8CAEF2\",\"center_circle_strokeopacity\":\".5\",\"show_center_circle\":false,\"show_center_marker\":false,\"center_marker_icon\":\"https:\/\/roteirosarqueologicosdoalentejo.uevora.pt\/wp-content\/plugins\/wp-google-map-gold\/assets\/images\/\/default_marker.png\",\"draggable\":true,\"scroll_wheel\":\"false\",\"gesture\":\"auto\",\"marker_default_icon\":\"https:\/\/roteirosarqueologicosdoalentejo.uevora.pt\/wp-content\/plugins\/wp-google-map-gold\/assets\/images\/\/default_marker.png\",\"infowindow_setting\":\"<div class=\\\"fc-main\\\">\\n<div class=\\\"fc-item-title\\\">{marker_title} <span class=\\\"fc-badge info\\\">{marker_category}<\/span><\/div>\\n<div class=\\\"fc-item-featured_image\\\">{marker_image} <\/div>\\n<p>{marker_message}<\/p>\\n<address><b>Address : <\/b>{marker_address}<\/address>\\n<\/div>\\n\",\"infowindow_geotags_setting\":\"<div class=\\\"fc-main\\\"><div class=\\\"fc-item-title\\\">{post_title} <span class=\\\"fc-badge info\\\">{post_categories}<\/span><\/div> <div class=\\\"fc-item-featured_image\\\">{post_featured_image} <\/div>{post_excerpt}<address><b>Address : <\/b>{marker_address}<\/address><a target=\\\"_blank\\\"  class=\\\"fc-btn fc-btn-small fc-btn-red\\\" href=\\\"{post_link}\\\">Read More...<\/a><\/div>\",\"infowindow_skin\":{\"name\":\"default\",\"type\":\"infowindow\",\"sourcecode\":\"&lt;div class=&quot;fc-main&quot;&gt;&lt;div class=&quot;fc-item-title&quot;&gt;{marker_title} &lt;span class=&quot;fc-badge info&quot;&gt;{marker_category}&lt;\/span&gt;&lt;\/div&gt; &lt;div class=&quot;fc-item-featured_image&quot;&gt;{marker_image} &lt;\/div&gt;{marker_message}&lt;address&gt;&lt;b&gt;Address : &lt;\/b&gt;{marker_address}&lt;\/address&gt;&lt;\/div&gt;\"},\"infowindow_post_skin\":{\"name\":\"default\",\"type\":\"post\",\"sourcecode\":\"&lt;div class=&quot;fc-main&quot;&gt;&lt;div class=&quot;fc-item-title&quot;&gt;{post_title} &lt;span class=&quot;fc-badge info&quot;&gt;{post_categories}&lt;\/span&gt;&lt;\/div&gt; &lt;div class=&quot;fc-item-featured_image&quot;&gt;{post_featured_image} &lt;\/div&gt;{post_excerpt}&lt;address&gt;&lt;b&gt;Address : &lt;\/b&gt;{marker_address}&lt;\/address&gt;&lt;a target=&quot;_blank&quot;  class=&quot;fc-btn fc-btn-small fc-btn-red&quot; href=&quot;{post_link}&quot;&gt;Read More...&lt;\/a&gt;&lt;\/div&gt;\"},\"infowindow_drop_animation\":false,\"close_infowindow_on_map_click\":false,\"default_infowindow_open\":false,\"infowindow_open_event\":\"click\",\"infowindow_filter_only\":false,\"infowindow_click_change_zoom\":0,\"infowindow_click_change_center\":false,\"full_screen_control\":false,\"search_control\":true,\"zoom_control\":false,\"map_type_control\":false,\"street_view_control\":false,\"locateme_control\":false,\"mobile_specific\":false,\"zoom_mobile\":5,\"draggable_mobile\":true,\"scroll_wheel_mobile\":true,\"full_screen_control_position\":\"TOP_RIGHT\",\"search_control_position\":\"TOP_LEFT\",\"locateme_control_position\":\"TOP_LEFT\",\"zoom_control_position\":\"TOP_LEFT\",\"map_type_control_position\":\"TOP_RIGHT\",\"map_type_control_style\":\"HORIZONTAL_BAR\",\"street_view_control_position\":\"TOP_LEFT\",\"map_control\":false,\"screens\":{\"smartphones\":{\"map_height_mobile\":\"250\",\"map_zoom_level_mobile\":\"18\"},\"ipads\":{\"map_zoom_level_mobile\":\"18\"},\"large-screens\":{\"map_zoom_level_mobile\":\"18\"}},\"map_infowindow_customisations\":false,\"infowindow_width\":\"100%\",\"infowindow_border_color\":\"rgba(0, 0, 0, 0.0980392)\",\"infowindow_bg_color\":\"#fff\",\"show_infowindow_header\":false,\"min_zoom\":\"0\",\"max_zoom\":\"18\",\"zoom_level_after_search\":\"18\",\"url_filters\":false,\"doubleclickzoom\":true,\"current_post_only\":false,\"bound_map_after_filter\":false,\"display_reset_button\":false,\"map_reset_button_text\":\"Reset\",\"height\":\"790\"},\"places\":[{\"id\":\"55\",\"title\":\"Posto de Turismo da Vidigueira\",\"address\":\"38.209095, -7.814658\",\"source\":\"manual\",\"location\":{\"icon\":\"https:\/\/roteirosarqueologicosdoalentejo.uevora.pt\/wp-content\/uploads\/2023\/06\/noun-couple-198242.png\",\"lat\":\"38.209095\",\"lng\":\"-7.814658\",\"onclick_action\":\"marker\",\"open_new_tab\":\"yes\",\"draggable\":false,\"infowindow_default_open\":false,\"infowindow_disable\":false,\"zoom\":5,\"extra_fields\":{\"listorder\":0}},\"categories\":[{\"id\":\"17\",\"name\":\"posto-info\",\"type\":\"category\",\"icon\":\"https:\/\/roteirosarqueologicosdoalentejo.uevora.pt\/wp-content\/uploads\/2023\/06\/noun-couple-198242.png\"}]},{\"id\":\"56\",\"title\":\"Villa Romana de S\\u00e3o Cucufate\",\"address\":\"Villa romana de S\\u00e3o Cucufate, Vila de Frades, Portugal\",\"source\":\"manual\",\"location\":{\"icon\":\"https:\/\/roteirosarqueologicosdoalentejo.uevora.pt\/wp-content\/uploads\/2023\/06\/marker-onee.png\",\"lat\":\"38.2225\",\"lng\":\"-7.845000000000002\",\"city\":\"Vila de Frades\",\"state\":\"Beja District\",\"country\":\"Portugal\",\"onclick_action\":\"custom_link\",\"redirect_custom_link\":\"\/villa-romana-de-sao-cucufate\/\",\"open_new_tab\":\"no\",\"postal_code\":\"7960\",\"draggable\":false,\"infowindow_default_open\":false,\"infowindow_disable\":true,\"zoom\":5,\"extra_fields\":{\"listorder\":0}},\"categories\":[{\"id\":\"2\",\"name\":\"default-marker-1\",\"type\":\"category\",\"icon\":\"https:\/\/roteirosarqueologicosdoalentejo.uevora.pt\/wp-content\/uploads\/2023\/06\/marker-onee.png\"}]}],\"map_property\":{\"map_id\":\"10\",\"debug_mode\":true},\"map_marker_spiderfier_setting\":{\"minimum_markers\":\"0\"},\"shapes\":{\"drawing_editable\":false},\"filters\":{\"filters_container\":\"[data-container=\\\"wpgmp-filters-container\\\"]\"},\"marker_category_icons\":{\"1\":\"https:\/\/roteirosarqueologicosdoalentejo.uevora.pt\/wp-content\/uploads\/2023\/06\/icon-mapa-inicio-1-1.png\",\"2\":\"https:\/\/roteirosarqueologicosdoalentejo.uevora.pt\/wp-content\/uploads\/2023\/06\/marker-onee.png\",\"3\":\"https:\/\/roteirosarqueologicosdoalentejo.uevora.pt\/wp-content\/uploads\/2023\/06\/marker-2.png\",\"4\":\"https:\/\/roteirosarqueologicosdoalentejo.uevora.pt\/wp-content\/uploads\/2023\/06\/marker-3.png\",\"5\":\"https:\/\/roteirosarqueologicosdoalentejo.uevora.pt\/wp-content\/uploads\/2023\/06\/marker-4.png\",\"6\":\"https:\/\/roteirosarqueologicosdoalentejo.uevora.pt\/wp-content\/uploads\/2023\/06\/marker-5.png\",\"7\":\"https:\/\/roteirosarqueologicosdoalentejo.uevora.pt\/wp-content\/uploads\/2023\/06\/marker-6.png\",\"8\":\"https:\/\/roteirosarqueologicosdoalentejo.uevora.pt\/wp-content\/uploads\/2023\/06\/marker-7.png\",\"9\":\"https:\/\/roteirosarqueologicosdoalentejo.uevora.pt\/wp-content\/uploads\/2023\/06\/marker-8.png\",\"10\":\"https:\/\/roteirosarqueologicosdoalentejo.uevora.pt\/wp-content\/uploads\/2023\/06\/marker-9.png\",\"11\":\"https:\/\/roteirosarqueologicosdoalentejo.uevora.pt\/wp-content\/uploads\/2023\/06\/marker-10.png\",\"12\":\"https:\/\/roteirosarqueologicosdoalentejo.uevora.pt\/wp-content\/uploads\/2023\/06\/marker-11.png\",\"13\":\"https:\/\/roteirosarqueologicosdoalentejo.uevora.pt\/wp-content\/uploads\/2023\/06\/marker-12.png\",\"14\":\"https:\/\/roteirosarqueologicosdoalentejo.uevora.pt\/wp-content\/uploads\/2023\/06\/marker-13.png\",\"15\":\"https:\/\/roteirosarqueologicosdoalentejo.uevora.pt\/wp-content\/uploads\/2023\/06\/marker-14.png\",\"16\":\"https:\/\/roteirosarqueologicosdoalentejo.uevora.pt\/wp-content\/uploads\/2023\/06\/marker-15.png\",\"17\":\"https:\/\/roteirosarqueologicosdoalentejo.uevora.pt\/wp-content\/uploads\/2023\/06\/noun-couple-198242.png\"}}).data(\"wpgmp_maps\");});<\/script><\/div>\n\t\t\t\t\t\t<\/div>\n\t\t\t\t<\/div>\n\t\t\t\t\t<\/div>\n\t\t<\/div>\n\t\t\t\t\t<\/div>\n\t\t<\/section>\n\t\t\t\t\t<\/div>\n\t\t<\/div>\n\t\t\t\t<div class=\"elementor-column elementor-col-50 elementor-top-column elementor-element elementor-element-01834fd\" data-id=\"01834fd\" data-element_type=\"column\" data-e-type=\"column\">\n\t\t\t<div class=\"elementor-widget-wrap elementor-element-populated\">\n\t\t\t\t\t\t<div class=\"elementor-element elementor-element-27ec6b0 elementor-widget-tablet__width-initial elementor-widget-mobile__width-inherit elementor-widget elementor-widget-heading\" data-id=\"27ec6b0\" data-element_type=\"widget\" data-e-type=\"widget\" data-widget_type=\"heading.default\">\n\t\t\t\t<div class=\"elementor-widget-container\">\n\t\t\t\t\t<h1 class=\"elementor-heading-title elementor-size-default\">Vidigueira<\/h1>\t\t\t\t<\/div>\n\t\t\t\t<\/div>\n\t\t\t\t<div class=\"elementor-element elementor-element-251db62 elementor-widget__width-initial elementor-widget-mobile__width-inherit elementor-widget elementor-widget-text-editor\" data-id=\"251db62\" data-element_type=\"widget\" data-e-type=\"widget\" data-widget_type=\"text-editor.default\">\n\t\t\t\t<div class=\"elementor-widget-container\">\n\t\t\t\t\t\t\t\t\t<p class=\"p1 translation-block\">Located at the foothill of Serra do Mendro, its rich soil and abundant water turned Vidigueira into a land of wealthy agricultural explorations through the centuries, especially the ones dedicated to vineyards, among which Roman villae like S\u00e3o Cucufate stand out.<\/p>\t\t\t\t\t\t\t\t<\/div>\n\t\t\t\t<\/div>\n\t\t\t\t<div class=\"elementor-element elementor-element-a0f15dd bdt-content-position--left elementor-widget elementor-widget-bdt-fancy-list\" data-id=\"a0f15dd\" data-element_type=\"widget\" data-e-type=\"widget\" data-widget_type=\"bdt-fancy-list.default\">\n\t\t\t\t<div class=\"elementor-widget-container\">\n\t\t\t\t\t        <div class=\"bdt-fancy-list\">\n            <ul class=\"bdt-list bdt-fancy-list-group\">\n                                    <li>\n                        <a class=\"bdt-fancy-list-wrap\" href=\"\/en\/villa-romana-de-sao-cucufate\/\">                        <div class=\"bdt-flex flex-wrap\">\n                            <div class=\"bdt-fancy-list-number-icon\"><span>                                1                            <\/span><\/div>                                                        <div class=\"bdt-fancy-list-content\">\n                                <h4 class=\"bdt-fancy-list-title translation-block\">Roman Villa <br>of S\u00e3o Cucufate<\/h4>\n                                <p class=\"bdt-fancy-list-text\"> <\/p>\n                            <\/div>\n                                                    <\/div>\n                                                    <\/a>\n                            <\/li>\n<\/ul>\n<\/div>\n\t\t\t\t<\/div>\n\t\t\t\t<\/div>\n\t\t\t\t\t<\/div>\n\t\t<\/div>\n\t\t\t\t\t<\/div>\n\t\t<\/div>\n\t\t\t\t<section class=\"elementor-section elementor-top-section elementor-element elementor-element-caa95a3 elementor-section-boxed elementor-section-height-default elementor-section-height-default\" data-id=\"caa95a3\" data-element_type=\"section\" data-e-type=\"section\">\n\t\t\t\t\t\t<div class=\"elementor-container elementor-column-gap-wide\">\n\t\t\t\t\t<div class=\"elementor-column elementor-col-33 elementor-top-column elementor-element elementor-element-25996fa\" data-id=\"25996fa\" data-element_type=\"column\" data-e-type=\"column\">\n\t\t\t<div class=\"elementor-widget-wrap elementor-element-populated\">\n\t\t\t\t\t\t<div class=\"elementor-element elementor-element-7d10b72 elementor-widget elementor-widget-heading\" data-id=\"7d10b72\" data-element_type=\"widget\" data-e-type=\"widget\" data-widget_type=\"heading.default\">\n\t\t\t\t<div class=\"elementor-widget-container\">\n\t\t\t\t\t<h6 class=\"elementor-heading-title elementor-size-default\">Support<\/h6>\t\t\t\t<\/div>\n\t\t\t\t<\/div>\n\t\t\t\t<div data-ep-wrapper-link=\"{&quot;url&quot;:&quot;https:\\\/\\\/www.cm-vidigueira.pt\\\/&quot;,&quot;is_external&quot;:&quot;on&quot;,&quot;nofollow&quot;:&quot;&quot;,&quot;custom_attributes&quot;:&quot;&quot;}\" style=\"cursor: pointer\" class=\"bdt-element-link elementor-element elementor-element-b825a79 elementor-widget elementor-widget-image\" data-id=\"b825a79\" data-element_type=\"widget\" data-e-type=\"widget\" data-widget_type=\"image.default\">\n\t\t\t\t<div class=\"elementor-widget-container\">\n\t\t\t\t\t\t\t\t\t\t\t\t\t\t\t<img fetchpriority=\"high\" decoding=\"async\" width=\"476\" height=\"383\" src=\"https:\/\/roteirosarqueologicosdoalentejo.uevora.pt\/wp-content\/uploads\/2023\/06\/Logo-Vidigueira.png\" class=\"attachment-full size-full wp-image-2255\" alt=\"\" srcset=\"https:\/\/roteirosarqueologicosdoalentejo.uevora.pt\/wp-content\/uploads\/2023\/06\/Logo-Vidigueira.png 476w, https:\/\/roteirosarqueologicosdoalentejo.uevora.pt\/wp-content\/uploads\/2023\/06\/Logo-Vidigueira-300x241.png 300w\" sizes=\"(max-width: 476px) 100vw, 476px\" \/>\t\t\t\t\t\t\t\t\t\t\t\t\t\t\t<\/div>\n\t\t\t\t<\/div>\n\t\t\t\t\t<\/div>\n\t\t<\/div>\n\t\t\t\t<div class=\"elementor-column elementor-col-33 elementor-top-column elementor-element elementor-element-ffa3134\" data-id=\"ffa3134\" data-element_type=\"column\" data-e-type=\"column\">\n\t\t\t<div class=\"elementor-widget-wrap elementor-element-populated\">\n\t\t\t\t\t\t<div class=\"elementor-element elementor-element-db8b5a0 elementor-widget elementor-widget-heading\" data-id=\"db8b5a0\" data-element_type=\"widget\" data-e-type=\"widget\" data-widget_type=\"heading.default\">\n\t\t\t\t<div class=\"elementor-widget-container\">\n\t\t\t\t\t<h6 class=\"elementor-heading-title elementor-size-default\">Tourism Office<\/h6>\t\t\t\t<\/div>\n\t\t\t\t<\/div>\n\t\t\t\t<div class=\"elementor-element elementor-element-e997879 elementor-widget elementor-widget-text-editor\" data-id=\"e997879\" data-element_type=\"widget\" data-e-type=\"widget\" data-widget_type=\"text-editor.default\">\n\t\t\t\t<div class=\"elementor-widget-container\">\n\t\t\t\t\t\t\t\t\t<p><span style=\"font-weight: 400;\">Rua de Portel<br \/>4 7960-214 Vidigueira<br \/><\/span><span style=\"font-weight: 400;\">Tel. +351 284 437 410<br \/><\/span><span style=\"font-weight: 400;\">Email: <\/span><a style=\"color: #277768;\" href=\"mailto:postoturismo@cm-vidigueira.pt\"><span style=\"font-weight: 400;\">postoturismo@cm-vidigueira.pt<\/span><\/a><\/p>\t\t\t\t\t\t\t\t<\/div>\n\t\t\t\t<\/div>\n\t\t\t\t\t<\/div>\n\t\t<\/div>\n\t\t\t\t<div class=\"elementor-column elementor-col-33 elementor-top-column elementor-element elementor-element-ae4d933\" data-id=\"ae4d933\" data-element_type=\"column\" data-e-type=\"column\">\n\t\t\t<div class=\"elementor-widget-wrap\">\n\t\t\t\t\t\t\t<\/div>\n\t\t<\/div>\n\t\t\t\t\t<\/div>\n\t\t<\/section>\n\t\t\t\t<\/div>","protected":false},"excerpt":{"rendered":"<p>Vidigueira No sop\u00e9 da Serra do Mendro, a riqueza dos seus solos e a abund\u00e2ncia de \u00e1gua fizeram da regi\u00e3o da Vidigueira, [&hellip;]<\/p>","protected":false},"author":1,"featured_media":0,"parent":119,"menu_order":0,"comment_status":"closed","ping_status":"closed","template":"","meta":{"_acf_changed":false,"footnotes":""},"class_list":["post-429","page","type-page","status-publish","hentry"],"aioseo_notices":[],"acf":[],"_links":{"self":[{"href":"https:\/\/roteirosarqueologicosdoalentejo.uevora.pt\/en\/wp-json\/wp\/v2\/pages\/429","targetHints":{"allow":["GET"]}}],"collection":[{"href":"https:\/\/roteirosarqueologicosdoalentejo.uevora.pt\/en\/wp-json\/wp\/v2\/pages"}],"about":[{"href":"https:\/\/roteirosarqueologicosdoalentejo.uevora.pt\/en\/wp-json\/wp\/v2\/types\/page"}],"author":[{"embeddable":true,"href":"https:\/\/roteirosarqueologicosdoalentejo.uevora.pt\/en\/wp-json\/wp\/v2\/users\/1"}],"replies":[{"embeddable":true,"href":"https:\/\/roteirosarqueologicosdoalentejo.uevora.pt\/en\/wp-json\/wp\/v2\/comments?post=429"}],"version-history":[{"count":0,"href":"https:\/\/roteirosarqueologicosdoalentejo.uevora.pt\/en\/wp-json\/wp\/v2\/pages\/429\/revisions"}],"up":[{"embeddable":true,"href":"https:\/\/roteirosarqueologicosdoalentejo.uevora.pt\/en\/wp-json\/wp\/v2\/pages\/119"}],"wp:attachment":[{"href":"https:\/\/roteirosarqueologicosdoalentejo.uevora.pt\/en\/wp-json\/wp\/v2\/media?parent=429"}],"curies":[{"name":"wp","href":"https:\/\/api.w.org\/{rel}","templated":true}]}}